{"id":1045,"date":"2023-09-27T16:02:58","date_gmt":"2023-09-27T16:02:58","guid":{"rendered":"https:\/\/mumax.at\/?page_id=1045"},"modified":"2024-04-09T14:48:14","modified_gmt":"2024-04-09T14:48:14","slug":"unser-crew","status":"publish","type":"page","link":"https:\/\/mumax.at\/?page_id=1045","title":{"rendered":"UNSER CREW"},"content":{"rendered":"\t\t<div data-elementor-type=\"wp-page\" data-elementor-id=\"1045\" class=\"elementor elementor-1045\">\n\t\t\t\t\t\t<section class=\"elementor-section elementor-top-section elementor-element elementor-element-23428e5 elementor-section-full_width elementor-section-height-min-height elementor-section-items-stretch elementor-section-content-middle elementor-section-stretched elementor-section-height-default\" data-id=\"23428e5\" data-element_type=\"section\" data-e-type=\"section\" data-settings=\"{&quot;background_background&quot;:&quot;classic&quot;,&quot;stretch_section&quot;:&quot;section-stretched&quot;}\">\n\t\t\t\t\t\t<div class=\"elementor-container elementor-column-gap-no\">\n\t\t\t\t\t<div class=\"elementor-column elementor-col-50 elementor-top-column elementor-element elementor-element-24cd970d\" data-id=\"24cd970d\" data-element_type=\"column\" data-e-type=\"column\">\n\t\t\t<div class=\"elementor-widget-wrap elementor-element-populated\">\n\t\t\t\t\t\t<div class=\"elementor-element elementor-element-1b6074a8 elementor-widget elementor-widget-elementskit-heading\" data-id=\"1b6074a8\" data-element_type=\"widget\" data-e-type=\"widget\" data-widget_type=\"elementskit-heading.default\">\n\t\t\t\t<div class=\"elementor-widget-container\">\n\t\t\t\t\t<div class=\"ekit-wid-con\" ><div class=\"ekit-heading elementskit-section-title-wraper text_left   ekit_heading_tablet-   ekit_heading_mobile-\"><h2 class=\"ekit-heading--title elementskit-section-title \"> WIR MACHEN DEN ANRUF, SIE DEN UMSATZ.<\/h2><\/div><\/div>\t\t\t\t<\/div>\n\t\t\t\t<\/div>\n\t\t\t\t<section class=\"elementor-section elementor-inner-section elementor-element elementor-element-7768cd84 elementor-section-content-middle elementor-section-boxed elementor-section-height-default elementor-section-height-default\" data-id=\"7768cd84\" data-element_type=\"section\" data-e-type=\"section\">\n\t\t\t\t\t\t<div class=\"elementor-container elementor-column-gap-default\">\n\t\t\t\t\t<div class=\"elementor-column elementor-col-100 elementor-inner-column elementor-element elementor-element-2fd30dfd\" data-id=\"2fd30dfd\" data-element_type=\"column\" data-e-type=\"column\">\n\t\t\t<div class=\"elementor-widget-wrap elementor-element-populated\">\n\t\t\t\t\t\t<div class=\"elementor-element elementor-element-57aa066c elementor-align-left elementor-widget__width-auto elementor-widget elementor-widget-elementskit-button\" data-id=\"57aa066c\" data-element_type=\"widget\" data-e-type=\"widget\" data-widget_type=\"elementskit-button.default\">\n\t\t\t\t<div class=\"elementor-widget-container\">\n\t\t\t\t\t<div class=\"ekit-wid-con\" >\t\t<div class=\"ekit-btn-wraper\">\n\t\t\t\t\t\t\t<a href=\"http:\/\/wa.me\/+436642507080\" class=\"elementskit-btn  whitespace--normal\" id=\"\">\n\t\t\t\t\tMEHR \u0130NFO\t\t\t\t<\/a>\n\t\t\t\t\t<\/div>\n        <\/div>\t\t\t\t<\/div>\n\t\t\t\t<\/div>\n\t\t\t\t\t<\/div>\n\t\t<\/div>\n\t\t\t\t\t<\/div>\n\t\t<\/section>\n\t\t\t\t\t<\/div>\n\t\t<\/div>\n\t\t\t\t<div class=\"elementor-column elementor-col-50 elementor-top-column elementor-element elementor-element-5e7d5cbd\" data-id=\"5e7d5cbd\" data-element_type=\"column\" data-e-type=\"column\">\n\t\t\t<div class=\"elementor-widget-wrap\">\n\t\t\t\t\t\t\t<\/div>\n\t\t<\/div>\n\t\t\t\t\t<\/div>\n\t\t<\/section>\n\t\t\t\t<section class=\"elementor-section elementor-top-section elementor-element elementor-element-5289f48e elementor-section-stretched elementor-section-boxed elementor-section-height-default elementor-section-height-default\" data-id=\"5289f48e\" data-element_type=\"section\" data-e-type=\"section\" data-settings=\"{&quot;stretch_section&quot;:&quot;section-stretched&quot;}\">\n\t\t\t\t\t\t<div class=\"elementor-container elementor-column-gap-default\">\n\t\t\t\t\t<div class=\"elementor-column elementor-col-100 elementor-top-column elementor-element elementor-element-6822c96e\" data-id=\"6822c96e\" data-element_type=\"column\" data-e-type=\"column\">\n\t\t\t<div class=\"elementor-widget-wrap elementor-element-populated\">\n\t\t\t\t\t\t<section class=\"elementor-section elementor-inner-section elementor-element elementor-element-73a2448c elementor-reverse-tablet elementor-reverse-mobile elementor-section-height-min-height elementor-section-content-middle elementor-section-boxed elementor-section-height-default\" data-id=\"73a2448c\" data-element_type=\"section\" data-e-type=\"section\" data-settings=\"{&quot;background_background&quot;:&quot;classic&quot;}\">\n\t\t\t\t\t\t<div class=\"elementor-container elementor-column-gap-extended\">\n\t\t\t\t\t<div class=\"elementor-column elementor-col-50 elementor-inner-column elementor-element elementor-element-67649ab2\" data-id=\"67649ab2\" data-element_type=\"column\" data-e-type=\"column\">\n\t\t\t<div class=\"elementor-widget-wrap elementor-element-populated\">\n\t\t\t\t\t\t<div class=\"elementor-element elementor-element-569f90c7 elementor-widget elementor-widget-elementskit-heading\" data-id=\"569f90c7\" data-element_type=\"widget\" data-e-type=\"widget\" data-widget_type=\"elementskit-heading.default\">\n\t\t\t\t<div class=\"elementor-widget-container\">\n\t\t\t\t\t<div class=\"ekit-wid-con\" ><div class=\"ekit-heading elementskit-section-title-wraper text_left   ekit_heading_tablet-   ekit_heading_mobile-\"><h4 class=\"elementskit-section-subtitle  elementskit-style-border\">\n\t\t\t\t\t\tUNSERE CREW\n\t\t\t\t\t<\/h4><h2 class=\"ekit-heading--title elementskit-section-title \">MENSCHEN AN ERSTER STELLE<\/h2>\t\t\t\t<div class='ekit-heading__description'>\n\t\t\t\t\t<div class=\"ce_headline_extended mb-xs mb-xs-m align-left block\">\n<p><span style=\"font-size: 16px\">Unsere Mitarbeiter sind mit Leidenschaft bei der Sache. Gro\u00dfraumb\u00fcros und Callcenter-Atmosph\u00e4re werden Sie bei uns nicht finden.<\/span><\/p>\n<\/div>\n<div class=\"ce_text_extented block align-left color-default font_no_serif font-size-default font-style-default lh-default font-weight-default\">\n<h4>Denn wir wissen: Nur motivierte Menschen k\u00f6nnen andere Menschen ebenfalls motivieren.<\/h4>\n\n<p>Angenehme Arbeitsatmosph\u00e4re, st\u00e4ndige Fortbildungen, \u00fcberdurchschnittliche Geh\u00e4lter und Teamevents f\u00fcr ein ausgepr\u00e4gtes Wir-Gef\u00fchl sind f\u00fcr uns selbstverst\u00e4ndlich und geh\u00f6ren zur Basis unseres und somit auch Ihres Erfolgs.<\/p>\n<p>Unsere Standorte erweitern wir mit wachsenden Mitarbeiterzahlen stetig und nutzen jede zur Verf\u00fcgung stehende Fl\u00e4che f\u00fcr unsere gro\u00dfz\u00fcgigen und wertig ausgestatteten B\u00fcros. Fluktuation kennen wir nicht. Viele unserer Mitarbeiter begleiten uns bereits seit unserer Gr\u00fcndung im Jahr 2021, andere ebenfalls seit Jahren \u2013 eine echte Seltenheit in der Telemarketing-Branche und zudem ein kostbarer Mehrwert. Denn erst mit dem so gewonnenen Erfahrungsschatz unserer Mitarbeiter gelingt durchg\u00e4ngige Kontinuit\u00e4t und ein stabiles Vertrauensverh\u00e4ltnis mit unseren Kunden \u2013 die Grundlage f\u00fcr langfristige Partnerschaften.<\/p>\n<\/div>\n\t\t\t\t<\/div>\n\t\t\t<\/div><\/div>\t\t\t\t<\/div>\n\t\t\t\t<\/div>\n\t\t\t\t<div class=\"elementor-element elementor-element-4d9276d4 elementor-align-left elementor-widget elementor-widget-elementskit-button\" data-id=\"4d9276d4\" data-element_type=\"widget\" data-e-type=\"widget\" data-widget_type=\"elementskit-button.default\">\n\t\t\t\t<div class=\"elementor-widget-container\">\n\t\t\t\t\t<div class=\"ekit-wid-con\" >\t\t<div class=\"ekit-btn-wraper\">\n\t\t\t\t\t\t\t<a href=\"#\" class=\"elementskit-btn  whitespace--normal\" id=\"\">\n\t\t\t\t\tRead More\t\t\t\t<\/a>\n\t\t\t\t\t<\/div>\n        <\/div>\t\t\t\t<\/div>\n\t\t\t\t<\/div>\n\t\t\t\t\t<\/div>\n\t\t<\/div>\n\t\t\t\t<div class=\"elementor-column elementor-col-50 elementor-inner-column elementor-element elementor-element-3f62a074\" data-id=\"3f62a074\" data-element_type=\"column\" data-e-type=\"column\">\n\t\t\t<div class=\"elementor-widget-wrap elementor-element-populated\">\n\t\t\t\t\t\t<div class=\"elementor-element elementor-element-38c11f40 elementor-widget elementor-widget-image\" data-id=\"38c11f40\" data-element_type=\"widget\" data-e-type=\"widget\" data-widget_type=\"image.default\">\n\t\t\t\t<div class=\"elementor-widget-container\">\n\t\t\t\t\t\t\t\t\t\t\t\t\t\t\t<img decoding=\"async\" src=\"https:\/\/mumax.at\/wp-content\/uploads\/elementor\/thumbs\/WhatsApp-Gorsel-2023-11-07-saat-13.36.03_f2dfc01e-qf0fovnmu05fs4go63v221xqr9fcjsnjckixryb89o.jpg\" title=\"WhatsApp G\u00f6rsel 2023-11-07 saat 13.36.03_f2dfc01e\" alt=\"WhatsApp G\u00f6rsel 2023-11-07 saat 13.36.03_f2dfc01e\" loading=\"lazy\" \/>\t\t\t\t\t\t\t\t\t\t\t\t\t\t\t<\/div>\n\t\t\t\t<\/div>\n\t\t\t\t<div class=\"elementor-element elementor-element-d464a28 elementor-align-center elementor-widget elementor-widget-elementskit-button\" data-id=\"d464a28\" data-element_type=\"widget\" data-e-type=\"widget\" data-widget_type=\"elementskit-button.default\">\n\t\t\t\t<div class=\"elementor-widget-container\">\n\t\t\t\t\t<div class=\"ekit-wid-con\" >\t\t<div class=\"ekit-btn-wraper\">\n\t\t\t\t\t\t\t<a href=\"#\" class=\"elementskit-btn  whitespace--normal\" id=\"\">\n\t\t\t\t\tMUSTAFA \u0130LHAN\t\t\t\t<\/a>\n\t\t\t\t\t<\/div>\n        <\/div>\t\t\t\t<\/div>\n\t\t\t\t<\/div>\n\t\t\t\t<div class=\"elementor-element elementor-element-a817c80 elementor-align-center elementor-widget elementor-widget-elementskit-button\" data-id=\"a817c80\" data-element_type=\"widget\" data-e-type=\"widget\" data-widget_type=\"elementskit-button.default\">\n\t\t\t\t<div class=\"elementor-widget-container\">\n\t\t\t\t\t<div class=\"ekit-wid-con\" >\t\t<div class=\"ekit-btn-wraper\">\n\t\t\t\t\t\t\t<a class=\"elementskit-btn  whitespace--normal\" id=\"\">\n\t\t\t\t\tGesch\u00e4ftsf\u00fchrung\t\t\t\t<\/a>\n\t\t\t\t\t<\/div>\n        <\/div>\t\t\t\t<\/div>\n\t\t\t\t<\/div>\n\t\t\t\t\t<\/div>\n\t\t<\/div>\n\t\t\t\t\t<\/div>\n\t\t<\/section>\n\t\t\t\t\t<\/div>\n\t\t<\/div>\n\t\t\t\t\t<\/div>\n\t\t<\/section>\n\t\t\t\t<section class=\"elementor-section elementor-top-section elementor-element elementor-element-474044d3 elementor-section-stretched elementor-section-boxed elementor-section-height-default elementor-section-height-default\" data-id=\"474044d3\" data-element_type=\"section\" data-e-type=\"section\" id=\"xs_timeline_lawyer\" data-settings=\"{&quot;background_background&quot;:&quot;classic&quot;,&quot;stretch_section&quot;:&quot;section-stretched&quot;}\">\n\t\t\t\t\t\t<div class=\"elementor-container elementor-column-gap-default\">\n\t\t\t\t\t<div class=\"elementor-column elementor-col-100 elementor-top-column elementor-element elementor-element-57a3d798\" data-id=\"57a3d798\" data-element_type=\"column\" data-e-type=\"column\">\n\t\t\t<div class=\"elementor-widget-wrap\">\n\t\t\t\t\t\t\t<\/div>\n\t\t<\/div>\n\t\t\t\t\t<\/div>\n\t\t<\/section>\n\t\t\t\t<section class=\"elementor-section elementor-top-section elementor-element elementor-element-7ed8f9ae elementor-section-stretched elementor-section-boxed elementor-section-height-default elementor-section-height-default\" data-id=\"7ed8f9ae\" data-element_type=\"section\" data-e-type=\"section\" data-settings=\"{&quot;background_background&quot;:&quot;classic&quot;,&quot;stretch_section&quot;:&quot;section-stretched&quot;}\">\n\t\t\t\t\t\t\t<div class=\"elementor-background-overlay\"><\/div>\n\t\t\t\t\t\t\t<div class=\"elementor-container elementor-column-gap-default\">\n\t\t\t\t\t<div class=\"elementor-column elementor-col-25 elementor-top-column elementor-element elementor-element-269864fe\" data-id=\"269864fe\" data-element_type=\"column\" data-e-type=\"column\">\n\t\t\t<div class=\"elementor-widget-wrap\">\n\t\t\t\t\t\t\t<\/div>\n\t\t<\/div>\n\t\t\t\t<div class=\"elementor-column elementor-col-25 elementor-top-column elementor-element elementor-element-2c8a1e91\" data-id=\"2c8a1e91\" data-element_type=\"column\" data-e-type=\"column\">\n\t\t\t<div class=\"elementor-widget-wrap\">\n\t\t\t\t\t\t\t<\/div>\n\t\t<\/div>\n\t\t\t\t<div class=\"elementor-column elementor-col-25 elementor-top-column elementor-element elementor-element-5e986462\" data-id=\"5e986462\" data-element_type=\"column\" data-e-type=\"column\">\n\t\t\t<div class=\"elementor-widget-wrap\">\n\t\t\t\t\t\t\t<\/div>\n\t\t<\/div>\n\t\t\t\t<div class=\"elementor-column elementor-col-25 elementor-top-column elementor-element elementor-element-4def580c\" data-id=\"4def580c\" data-element_type=\"column\" data-e-type=\"column\">\n\t\t\t<div class=\"elementor-widget-wrap\">\n\t\t\t\t\t\t\t<\/div>\n\t\t<\/div>\n\t\t\t\t\t<\/div>\n\t\t<\/section>\n\t\t\t\t<section class=\"elementor-section elementor-top-section elementor-element elementor-element-1b2c52ee elementor-section-full_width elementor-hidden-phone elementor-section-stretched elementor-section-height-default elementor-section-height-default\" data-id=\"1b2c52ee\" data-element_type=\"section\" data-e-type=\"section\" data-settings=\"{&quot;stretch_section&quot;:&quot;section-stretched&quot;}\">\n\t\t\t\t\t\t\t<div class=\"elementor-background-overlay\"><\/div>\n\t\t\t\t\t\t\t<div class=\"elementor-container elementor-column-gap-no\">\n\t\t\t\t\t<div class=\"elementor-column elementor-col-100 elementor-top-column elementor-element elementor-element-2b2c00b9\" data-id=\"2b2c00b9\" data-element_type=\"column\" data-e-type=\"column\">\n\t\t\t<div class=\"elementor-widget-wrap elementor-element-populated\">\n\t\t\t\t\t\t<section class=\"elementor-section elementor-inner-section elementor-element elementor-element-179e1712 elementor-section-full_width elementor-section-height-default elementor-section-height-default\" data-id=\"179e1712\" data-element_type=\"section\" data-e-type=\"section\">\n\t\t\t\t\t\t<div class=\"elementor-container elementor-column-gap-default\">\n\t\t\t\t\t<div class=\"elementor-column elementor-col-50 elementor-inner-column elementor-element elementor-element-5e92c71\" data-id=\"5e92c71\" data-element_type=\"column\" data-e-type=\"column\">\n\t\t\t<div class=\"elementor-widget-wrap elementor-element-populated\">\n\t\t\t\t\t\t<div class=\"elementor-element elementor-element-65e46883 elementor-widget elementor-widget-spacer\" data-id=\"65e46883\" data-element_type=\"widget\" data-e-type=\"widget\" data-widget_type=\"spacer.default\">\n\t\t\t\t<div class=\"elementor-widget-container\">\n\t\t\t\t\t\t\t<div class=\"elementor-spacer\">\n\t\t\t<div class=\"elementor-spacer-inner\"><\/div>\n\t\t<\/div>\n\t\t\t\t\t\t<\/div>\n\t\t\t\t<\/div>\n\t\t\t\t\t<\/div>\n\t\t<\/div>\n\t\t\t\t<div class=\"elementor-column elementor-col-50 elementor-inner-column elementor-element elementor-element-776b2787\" data-id=\"776b2787\" data-element_type=\"column\" data-e-type=\"column\" data-settings=\"{&quot;background_background&quot;:&quot;classic&quot;}\">\n\t\t\t<div class=\"elementor-widget-wrap elementor-element-populated\">\n\t\t\t\t\t<div class=\"elementor-background-overlay\"><\/div>\n\t\t\t\t\t\t<div class=\"elementor-element elementor-element-b276d78 elementor-widget__width-initial elementor-widget elementor-widget-spacer\" data-id=\"b276d78\" data-element_type=\"widget\" data-e-type=\"widget\" data-widget_type=\"spacer.default\">\n\t\t\t\t<div class=\"elementor-widget-container\">\n\t\t\t\t\t\t\t<div class=\"elementor-spacer\">\n\t\t\t<div class=\"elementor-spacer-inner\"><\/div>\n\t\t<\/div>\n\t\t\t\t\t\t<\/div>\n\t\t\t\t<\/div>\n\t\t\t\t\t<\/div>\n\t\t<\/div>\n\t\t\t\t\t<\/div>\n\t\t<\/section>\n\t\t\t\t<section class=\"elementor-section elementor-inner-section elementor-element elementor-element-6ba3766d elementor-section-boxed elementor-section-height-default elementor-section-height-default\" data-id=\"6ba3766d\" data-element_type=\"section\" data-e-type=\"section\">\n\t\t\t\t\t\t<div class=\"elementor-container elementor-column-gap-default\">\n\t\t\t\t\t<div class=\"elementor-column elementor-col-50 elementor-inner-column elementor-element elementor-element-21a2e635\" data-id=\"21a2e635\" data-element_type=\"column\" data-e-type=\"column\">\n\t\t\t<div class=\"elementor-widget-wrap\">\n\t\t\t\t\t\t\t<\/div>\n\t\t<\/div>\n\t\t\t\t<div class=\"elementor-column elementor-col-50 elementor-inner-column elementor-element elementor-element-280a282e\" data-id=\"280a282e\" data-element_type=\"column\" data-e-type=\"column\">\n\t\t\t<div class=\"elementor-widget-wrap elementor-element-populated\">\n\t\t\t\t\t\t<div class=\"elementor-element elementor-element-379eb58b elementor-widget elementor-widget-elementskit-heading\" data-id=\"379eb58b\" data-element_type=\"widget\" data-e-type=\"widget\" data-widget_type=\"elementskit-heading.default\">\n\t\t\t\t<div class=\"elementor-widget-container\">\n\t\t\t\t\t<div class=\"ekit-wid-con\" ><div class=\"ekit-heading elementskit-section-title-wraper text_center   ekit_heading_tablet-   ekit_heading_mobile-\"><h1 class=\"elementskit-section-subtitle  elementskit-style-border\">\n\t\t\t\t\t\tDIE AGENTS \n\t\t\t\t\t<\/h1><h2 class=\"ekit-heading--title elementskit-section-title \"> PROFIS AM H\u00d6RER<\/h2>\t\t\t\t<div class='ekit-heading__description'>\n\t\t\t\t\t<ul>\n<li><span style=\"color: #ffffff\">Bei unseren Agents legen wir Wert auf ganz bestimmte F\u00e4higkeiten. Dabei z\u00e4hlen im Wesentlichen Soft Skills wie Eloquenz, Allgemeinbildung, Schlagfertigkeit, Flexibilit\u00e4t, Resilienz und Selbstbewusstsein.<\/span>\n<p><span style=\"color: #ffffff\">Denn wenn ein Telesales Agent eines k\u00f6nnen muss, dann ist es reden und verkaufen. Er muss in der Lage sein, flexibel auf die Aussagen eines Ansprechpartners einzugehen, Vorw\u00e4nde zu entkr\u00e4ften und Interesse zu wecken. Dabei ist es sehr wichtig, authentisch zu sein, durchaus Witz und Charme zu beweisen und stets in h\u00f6flichem und positivem Wording zu bleiben. Standard-Floskeln und roboterartig abgelesene Skripte sind ein No-Go und entsprechen weder unserem Stil noch unserem Anspruch\u00a0<\/span><\/p>\n<p><span style=\"color: #ffffff\">Vieles davon muss bereits in der Pers\u00f6nlichkeit eines Menschen angelegt sein und kann nicht erlernt werden, weshalb wir unsere Agents vor Einstellung pers\u00f6nlich kennenlernen und entsprechend pr\u00fcfen. Nur die besten schaffen es ins Team. Was erlernt oder in Schulungen verbessert werden kann \u2013 zum Beispiel Vorwandbehandlung oder professionelles Wording im Verkaufsumfeld \u2013 wird entsprechend regelm\u00e4\u00dfig in Form von Fortbildungen gef\u00f6rdert.<\/span><\/p>\n<p><span style=\"color: #ffffff\">Somit k\u00f6nnen Sie sich sicher sein, Ihre wertvollen Interessenten nicht mit unmotivierten und abgedroschenen Nullachtf\u00fcnfzehn-Anrufen zu nerven. Bei uns z\u00e4hlt Qualit\u00e4t in jeder Hinsicht.<\/span><\/p>\n<\/li>\n<\/ul>\n\t\t\t\t<\/div>\n\t\t\t<\/div><\/div>\t\t\t\t<\/div>\n\t\t\t\t<\/div>\n\t\t\t\t\t<\/div>\n\t\t<\/div>\n\t\t\t\t\t<\/div>\n\t\t<\/section>\n\t\t\t\t\t<\/div>\n\t\t<\/div>\n\t\t\t\t\t<\/div>\n\t\t<\/section>\n\t\t\t\t<\/div>\n\t\t","protected":false},"excerpt":{"rendered":"<p>WIR MACHEN DEN ANRUF, SIE DEN UMSATZ. MEHR \u0130NFO UNSERE CREW MENSCHEN AN ERSTER STELLE Unsere Mitarbeiter sind mit Leidenschaft bei der Sache. Gro\u00dfraumb\u00fcros und Callcenter-Atmosph\u00e4re werden Sie bei uns nicht finden. Denn wir wissen: Nur motivierte Menschen k\u00f6nnen andere Menschen ebenfalls motivieren. Angenehme Arbeitsatmosph\u00e4re, st\u00e4ndige Fortbildungen, \u00fcberdurchschnittliche Geh\u00e4lter und Teamevents f\u00fcr ein ausgepr\u00e4gtes Wir-Gef\u00fchl [&hellip;]<\/p>\n","protected":false},"author":1,"featured_media":0,"parent":0,"menu_order":0,"comment_status":"closed","ping_status":"closed","template":"","meta":{"om_disable_all_campaigns":false,"_monsterinsights_skip_tracking":false,"_monsterinsights_sitenote_active":false,"_monsterinsights_sitenote_note":"","_monsterinsights_sitenote_category":0,"footnotes":"","_links_to":"","_links_to_target":""},"class_list":["post-1045","page","type-page","status-publish","hentry"],"aioseo_notices":[],"_links":{"self":[{"href":"https:\/\/mumax.at\/index.php?rest_route=\/wp\/v2\/pages\/1045","targetHints":{"allow":["GET"]}}],"collection":[{"href":"https:\/\/mumax.at\/index.php?rest_route=\/wp\/v2\/pages"}],"about":[{"href":"https:\/\/mumax.at\/index.php?rest_route=\/wp\/v2\/types\/page"}],"author":[{"embeddable":true,"href":"https:\/\/mumax.at\/index.php?rest_route=\/wp\/v2\/users\/1"}],"replies":[{"embeddable":true,"href":"https:\/\/mumax.at\/index.php?rest_route=%2Fwp%2Fv2%2Fcomments&post=1045"}],"version-history":[{"count":132,"href":"https:\/\/mumax.at\/index.php?rest_route=\/wp\/v2\/pages\/1045\/revisions"}],"predecessor-version":[{"id":2102,"href":"https:\/\/mumax.at\/index.php?rest_route=\/wp\/v2\/pages\/1045\/revisions\/2102"}],"wp:attachment":[{"href":"https:\/\/mumax.at\/index.php?rest_route=%2Fwp%2Fv2%2Fmedia&parent=1045"}],"curies":[{"name":"wp","href":"https:\/\/api.w.org\/{rel}","templated":true}]}}