{"id":265,"date":"2021-10-15T08:18:43","date_gmt":"2021-10-15T08:18:43","guid":{"rendered":"https:\/\/mumax.at\/?page_id=265"},"modified":"2023-10-23T08:40:51","modified_gmt":"2023-10-23T08:40:51","slug":"dienstleistungen","status":"publish","type":"page","link":"https:\/\/mumax.at\/?page_id=265","title":{"rendered":"D\u0130ENSTLE\u0130STUNGEN"},"content":{"rendered":"[vc_row][vc_column][vc_column_text]Wir sind Ihre Vertragsdistribution f\u00fcr die Vermarktung von Produkten aus dem Bereich der Telekommunikation und dem Kabel-TV Bereich.<\/p>\n<p>Wir betreuen unsere Vertriebspartner, denen wir erm\u00f6glichen, aus einem Portfolio des wichtigsten nationalen Netzbetreibers f\u00fcr Business- und Privatkundenvertr\u00e4ge.<\/p>\n<p>Unterst\u00fctzt durch ein professionelles, vor allem aber pers\u00f6nliches Betreuungs- und Dienstleistungskonzept sind wir Jahren erfolgreich f\u00fcr unsere Vertriebspartner t\u00e4tig.<\/p>\n<p>Entscheiden auch Sie sich f\u00fcr uns, um Ihr Gesch\u00e4ft noch erfolgreicher zu gestalten. Wir freuen uns auf Sie und sind gerne f\u00fcr Sie da!<\/p>\n<h4><span style=\"color: #000000;\"><strong>Unser Angebot f\u00fcr Sie umfasst:<\/strong><\/span><\/h4>\n<ul>\n<li>Erfahrung in der Vermarktung von Telekommunikationsprodukten<\/li>\n<li>Mobilfunk-, Festnetz- aus einer Hand<\/li>\n<li>Business- und Privatkundenprodukte<\/li>\n<li>Besondere Kompetenz in der Businessvermarktung<\/li>\n<li>Schnelle und zuverl\u00e4ssige Provisionszahlungen<\/li>\n<li>Individuelle und kompetente Betreuung durch Aussen- und Innendienst<\/li>\n<li>Regelm\u00e4ssige Schulungen im Web<\/li>\n<li>Eigenes Aqusition -Team<\/li>\n<\/ul>\n<p>&nbsp;<\/p>\n<p>Ein junges, freundliches und erfolgreiches Team von Spezialisten freut sich auf Ihre zuk\u00fcnftigen Projekte.[\/vc_column_text][\/vc_column][\/vc_row]\n","protected":false},"excerpt":{"rendered":"<p>[vc_row][vc_column][vc_column_text]Wir sind Ihre Vertragsdistribution f\u00fcr die Vermarktung von Produkten aus dem Bereich der Telekommunikation und dem Kabel-TV Bereich. Wir betreuen unsere Vertriebspartner, denen wir erm\u00f6glichen, aus einem Portfolio des wichtigsten nationalen Netzbetreibers f\u00fcr Business- und Privatkundenvertr\u00e4ge. Unterst\u00fctzt durch ein professionelles, vor allem aber pers\u00f6nliches Betreuungs- und Dienstleistungskonzept sind wir Jahren erfolgreich f\u00fcr unsere Vertriebspartner t\u00e4tig. [&hellip;]<\/p>\n","protected":false},"author":1,"featured_media":0,"parent":0,"menu_order":0,"comment_status":"closed","ping_status":"closed","template":"","meta":{"om_disable_all_campaigns":false,"_monsterinsights_skip_tracking":false,"_monsterinsights_sitenote_active":false,"_monsterinsights_sitenote_note":"","_monsterinsights_sitenote_category":0,"footnotes":"","_links_to":"","_links_to_target":""},"class_list":["post-265","page","type-page","status-publish","hentry"],"aioseo_notices":[],"_links":{"self":[{"href":"https:\/\/mumax.at\/index.php?rest_route=\/wp\/v2\/pages\/265","targetHints":{"allow":["GET"]}}],"collection":[{"href":"https:\/\/mumax.at\/index.php?rest_route=\/wp\/v2\/pages"}],"about":[{"href":"https:\/\/mumax.at\/index.php?rest_route=\/wp\/v2\/types\/page"}],"author":[{"embeddable":true,"href":"https:\/\/mumax.at\/index.php?rest_route=\/wp\/v2\/users\/1"}],"replies":[{"embeddable":true,"href":"https:\/\/mumax.at\/index.php?rest_route=%2Fwp%2Fv2%2Fcomments&post=265"}],"version-history":[{"count":8,"href":"https:\/\/mumax.at\/index.php?rest_route=\/wp\/v2\/pages\/265\/revisions"}],"predecessor-version":[{"id":1805,"href":"https:\/\/mumax.at\/index.php?rest_route=\/wp\/v2\/pages\/265\/revisions\/1805"}],"wp:attachment":[{"href":"https:\/\/mumax.at\/index.php?rest_route=%2Fwp%2Fv2%2Fmedia&parent=265"}],"curies":[{"name":"wp","href":"https:\/\/api.w.org\/{rel}","templated":true}]}}