{"id":267,"date":"2021-10-15T08:19:23","date_gmt":"2021-10-15T08:19:23","guid":{"rendered":"https:\/\/mumax.at\/?page_id=267"},"modified":"2024-04-09T20:44:41","modified_gmt":"2024-04-09T20:44:41","slug":"wer-sind-wir","status":"publish","type":"page","link":"https:\/\/mumax.at\/?page_id=267","title":{"rendered":"WER S\u0130ND W\u0130R"},"content":{"rendered":"[vc_row full_width=&#8221;stretch_row_content&#8221;][vc_column][vc_empty_space][vc_column_text][vc_row][vc_column width=&#8221;1\/1&#8243;][vc_column_text]\n<h2>R\u00f6vid le\u00edr\u00e1s MUMAX &#8211; \u00c9rt\u00e9kes\u00edt\u00e9s<\/h2>\n<hr \/>\n<p>Fiatal c\u00e9g vagyunk, amely t\u00e1vk\u00f6zl\u00e9si term\u00e9kek forgalmaz\u00e1s\u00e1ra szakosodott.[\/vc_column_text][vc_column_text][vc_row][vc_column width=&#8221;1\/1&#8243;][vc_column_text]\n<h2>R\u00f3lunk &#8211; Mumax<\/h2>\n<hr \/>\n<p>\u00dcdv\u00f6z\u00f6lj\u00fck a Mumaxn\u00e1l, a nagy teljes\u00edtm\u00e9ny\u0171 internetes megold\u00e1sok megb\u00edzhat\u00f3 partner\u00e9n\u00e9l. \u00d3ta<br \/>\nMegalakul\u00e1sunk \u00f3ta elk\u00f6telezt\u00fck magunkat amellett, hogy \u00fcgyfeleinknek els\u0151 oszt\u00e1ly\u00fa internetes szolg\u00e1ltat\u00e1sokat ny\u00fajtsunk.<br \/>\nvalamint olyan innovat\u00edv megold\u00e1sok k\u00edn\u00e1l\u00e1sa, amelyek teljes m\u00e9rt\u00e9kben kihaszn\u00e1lj\u00e1k digit\u00e1lis potenci\u00e1ljukat.[\/vc_column_text][vc_column_text][vc_row][vc_column width=&#8221;1\/1&#8243;][vc_column_text]\n<h2>K\u00fcldet\u00e9s\u00fcnk<\/h2>\n<hr \/>\n<p>K\u00fcldet\u00e9s\u00fcnk, hogy seg\u00edts\u00fck a v\u00e1llalkoz\u00e1sokat \u00e9s az egy\u00e9neket a digit\u00e1lis vil\u00e1gban val\u00f3 boldogul\u00e1sban.<br \/>\nSikeresen poz\u00edcion\u00e1ljuk magunkat a vil\u00e1gban. Tiszt\u00e1ban vagyunk a megb\u00edzhat\u00f3s\u00e1g kritikus fontoss\u00e1g\u00e1val<br \/>\n\u00e9s nagy teljes\u00edtm\u00e9ny\u0171 internetkapcsolat, valamint szem\u00e9lyre szabott megold\u00e1sok, amelyek megfelelnek az egy\u00e9ni ig\u00e9nyeknek<br \/>\n\u00fcgyfeleink ig\u00e9nyei.[\/vc_column_text][vc_column_text][vc_row][vc_column width=&#8221;1\/1&#8243;][vc_column_text]\n<h2>Szak\u00e9rtelm\u00fcnk<\/h2>\n<hr \/>\n<p>Csapatunk magasan k\u00e9pzett szak\u00e9rt\u0151kb\u0151l \u00e1ll az internetes szolg\u00e1ltat\u00e1sok \u00e9s<br \/>\nH\u00e1l\u00f3zati. T\u00f6bb \u00e9ves tapasztalattal \u00e9s m\u00e9lyrehat\u00f3 tud\u00e1ssal rendelkez\u00fcnk a megold\u00e1sok megtal\u00e1l\u00e1s\u00e1hoz.<br \/>\namelyek nemcsak megfelelnek \u00fcgyfeleink elv\u00e1r\u00e1sainak, hanem t\u00fal is sz\u00e1rnyalj\u00e1k azokat.[\/vc_column_text][vc_column_text][vc_row][vc_column width=&#8221;1\/1&#8243;][vc_column_text]\n<h2>Szolg\u00e1ltat\u00e1saink<\/h2>\n<hr \/>\n<p>A Mumax internetes megold\u00e1sok sz\u00e9les sk\u00e1l\u00e1j\u00e1t k\u00edn\u00e1lja, bele\u00e9rtve:<br \/>\n\u25cf Sz\u00e9less\u00e1v\u00fa internet-hozz\u00e1f\u00e9r\u00e9s: Biztos\u00edtjuk, hogy mindig kapcsolatban legyen a vil\u00e1ggal,<br \/>\nultragyors \u00e9s megb\u00edzhat\u00f3 sz\u00e9less\u00e1v\u00fa kapcsolattal.<br \/>\n\u25cf H\u00e1l\u00f3zati megold\u00e1sok: A z\u00f6kken\u0151mentes m\u0171k\u00f6d\u00e9s \u00e9rdek\u00e9ben optimaliz\u00e1ljuk h\u00e1l\u00f3zati infrastrukt\u00far\u00e1j\u00e1t<br \/>\nA kommunik\u00e1ci\u00f3 \u00e9s az adat\u00e1tvitel biztos\u00edt\u00e1sa \u00e9rdek\u00e9ben.<br \/>\n\u25cf \u00dcgyf\u00e9lszolg\u00e1lat: \u00dcgyf\u00e9lszolg\u00e1latunk k\u00e9r\u00e9sre k\u00e9szs\u00e9ggel v\u00e1laszol minden k\u00e9rd\u00e9s\u00e9re<br \/>\nv\u00e1laszoljon a k\u00e9rd\u00e9sekre \u00e9s oldja meg a probl\u00e9m\u00e1kat a helysz\u00ednen.[\/vc_column_text][vc_column_text][vc_row][vc_column width=&#8221;1\/1&#8243;][vc_column_text]\n<h2>\u00dcgyfeleink<\/h2>\n<hr \/>\n<p>B\u00fcszk\u00e9k vagyunk arra, hogy j\u00f3l ismert v\u00e1llalatokkal dolgozhatunk egy\u00fctt a legk\u00fcl\u00f6nb\u00f6z\u0151bb ipar\u00e1gakb\u00f3l \u00e9s m\u00e9retekb\u0151l.<br \/>\nEgy\u00fcttm\u0171k\u00f6dik. \u00dcgyfeleink b\u00edznak benn\u00fcnk, mert tudj\u00e1k, hogy mindig arra t\u00f6reksz\u00fcnk<br \/>\n\u00c9rj\u00e9k el egy\u00e9ni c\u00e9ljaikat \u00e9s seg\u00edts\u00e9k \u0151ket a sikerben.[\/vc_column_text][vc_column_text][vc_row][vc_column width=&#8221;1\/1&#8243;][vc_column_text]\n<h2>Kapcsolat<\/h2>\n<p>B\u00edzunk benne, hogy egy\u00fcttm\u0171k\u00f6d\u00fcnk \u00d6nnel \u00e9s az \u00d6n ig\u00e9nyeivel a ter\u00fcleten<br \/>\nInternetes megold\u00e1sok teljes\u00edt\u00e9se. L\u00e9pjen kapcsolatba vel\u00fcnk m\u00e9g ma, hogy megtudja, hogyan tudunk seg\u00edteni<br \/>\nHaszn\u00e1lja ki digit\u00e1lis potenci\u00e1lj\u00e1t, \u00e9s tudjon meg t\u00f6bbet szolg\u00e1ltat\u00e1sainkr\u00f3l.<br \/>\nA Mumaxn\u00e1l arra specializ\u00e1l\u00f3dtunk, hogy hat\u00e9kony internetes megold\u00e1sokat k\u00edn\u00e1ljunk az \u00d6n sz\u00e1m\u00e1ra<br \/>\nN\u00e9pszer\u0171s\u00edtse c\u00e9g\u00e9t vagy lak\u00f3hely\u00e9t. Elk\u00f6telezettek vagyunk a kiv\u00e1l\u00f3s\u00e1g \u00e9s<br \/>\n\u00dcgyf\u00e9l-el\u00e9gedetts\u00e9g, \u00e9s v\u00e1rjuk, hogy kiel\u00e9g\u00edts\u00fck internetes ig\u00e9nyeit.<\/p>\n<p>&nbsp;[\/vc_column_text][vc_column_text]A k\u00f6vetkez\u0151 m\u00f3dokon \u00e9rhet el minket:<br \/>\nTel.: +43 664 2507080<br \/>\nE-mail: office@mumax.at[\/vc_column_text][\/vc_column][vc_column][\/vc_column][\/vc_row][vc_row full_width=&#8221;stretch_row_content&#8221;][vc_column][vc_empty_space][vc_column_text][vc_row][vc_column width=&#8221;1\/1&#8243;][vc_column_text]\n<h2>Kurzbeschreibung MUMAX &#8211; Vertrieb<\/h2>\n<hr \/>\n<p>Wir sind ein junges Unternehmen das sich auf den Vertrieb von Telekommunikationsprodukten spezialisiert hat.[\/vc_column_text][vc_column_text][vc_row][vc_column width=&#8221;1\/1&#8243;][vc_column_text]\n<h2>\u00dcber Uns &#8211; Mumax<\/h2>\n<hr \/>\n<p>Willkommen bei Mumax, Ihrem vertrauensw\u00fcrdigen Partner f\u00fcr leistungsf\u00e4hige Internetl\u00f6sungen. Seit<br \/>\nunserer Gr\u00fcndung haben wir uns dem Ziel verschrieben, unseren Kunden erstklassige Internetdienste<br \/>\nund innovative L\u00f6sungen anzubieten, die ihr digitales Potenzial voll aussch\u00f6pfen.[\/vc_column_text][vc_column_text][vc_row][vc_column width=&#8221;1\/1&#8243;][vc_column_text]\n<h2>Unsere Mission<\/h2>\n<hr \/>\n<p>Unsere Mission ist es, Unternehmen und Einzelpersonen dabei zu unterst\u00fctzen, sich in der digitalen<br \/>\nWelt erfolgreich zu positionieren. Wir verstehen die entscheidende Bedeutung einer zuverl\u00e4ssigen<br \/>\nund leistungsstarken Internetverbindung sowie ma\u00dfgeschneiderte L\u00f6sungen, die den individuellen<br \/>\nAnforderungen unserer Kunden entsprechen.[\/vc_column_text][vc_column_text][vc_row][vc_column width=&#8221;1\/1&#8243;][vc_column_text]\n<h2>Unsere Expertise<\/h2>\n<hr \/>\n<p>Unser Team besteht aus hochqualifizierten Experten in den Bereichen Internetdienste und<br \/>\nNetzwerktechnik. Wir verf\u00fcgen \u00fcber jahrelange Erfahrung und tiefgehendes Wissen, um L\u00f6sungen zu<br \/>\nentwickeln, die nicht nur die Erwartungen unserer Kunden erf\u00fcllen, sondern \u00fcbertreffen.[\/vc_column_text][vc_column_text][vc_row][vc_column width=&#8221;1\/1&#8243;][vc_column_text]\n<h2>Unsere Dienstleistungen<\/h2>\n<hr \/>\n<p>Bei Mumax bieten wir ein breites Spektrum an Internetl\u00f6sungen an, darunter:<br \/>\n<span style=\"color: #000000;\">\u25cf<\/span> <strong><span style=\"color: #000000;\">Breitband-Internetzugang:<\/span><\/strong> Wir stellen sicher, dass Sie immer mit der Welt verbunden sind,<br \/>\nmit ultra schnellen und zuverl\u00e4ssigen Breitbandverbindungen.<br \/>\n<span style=\"color: #000000;\">\u25cf<\/span> <strong><span style=\"color: #000000;\">Vernetzungs-L\u00f6sungen:<\/span> <\/strong>Wir optimieren Ihre Netzwerkinfrastruktur, um eine reibungslose<br \/>\nKommunikation und Daten\u00fcbertragung zu gew\u00e4hrleisten.<br \/>\n<span style=\"color: #000000;\">\u25cf<\/span> <strong><span style=\"color: #000000;\">Kundensupport:<\/span><\/strong> Unser Support Team ist nach Absprache f\u00fcr Sie da, um alle Fragen zu<br \/>\nbeantworten und auch Probleme vor Ort zu l\u00f6sen.[\/vc_column_text][vc_column_text][vc_row][vc_column width=&#8221;1\/1&#8243;][vc_column_text]\n<h2>Unsere Kunden<\/h2>\n<hr \/>\n<p>Wir sind stolz darauf, mit namhaften Konzernen verschiedenster Branchen und Gr\u00f6\u00dfen<br \/>\nzusammenzuarbeiten. Unsere Kunden vertrauen uns, weil sie wissen, dass wir stets bestrebt sind,<br \/>\nihre individuellen Ziele zu erreichen und ihnen dabei helfen, erfolgreich zu sein.[\/vc_column_text][vc_column_text][vc_row][vc_column width=&#8221;1\/1&#8243;][vc_column_text]\n<h2>Kontaktieren Sie uns<\/h2>\n<hr \/>\n<p>Wir freuen uns darauf, mit Ihnen zusammenzuarbeiten und Ihre Anforderungen im Bereich<br \/>\nInternetl\u00f6sungen zu erf\u00fcllen. Kontaktieren Sie uns heute, um zu erfahren wie wir Ihnen helfen k\u00f6nnen,<br \/>\nIhr digitales Potenzial auszusch\u00f6pfen und mehr \u00fcber unsere Dienstleistungen zu erfahren.<br \/>\nBei Mumax sind wir darauf spezialisiert, leistungsf\u00e4hige Internetl\u00f6sungen bereitzustellen, die Ihr<br \/>\nUnternehmen oder Ihren Wohnort voranbringen. Wir setzen uns f\u00fcr Exzellenz und<br \/>\nKundenzufriedenheit ein und freuen uns darauf, Ihre Internet-Anforderungen zu erf\u00fcllen.[\/vc_column_text][vc_column_text]Sie erreichen uns \u00fcber:<br \/>\nTel.: +43 664 2507080<br \/>\nE-mail: office@mumax.at[\/vc_column_text][\/vc_column][vc_column][\/vc_column][\/vc_row]\n","protected":false},"excerpt":{"rendered":"<p>[vc_row full_width=&#8221;stretch_row_content&#8221;][vc_column][vc_empty_space][vc_column_text][vc_row][vc_column width=&#8221;1\/1&#8243;][vc_column_text] R\u00f6vid le\u00edr\u00e1s MUMAX &#8211; \u00c9rt\u00e9kes\u00edt\u00e9s Fiatal c\u00e9g vagyunk, amely t\u00e1vk\u00f6zl\u00e9si term\u00e9kek forgalmaz\u00e1s\u00e1ra szakosodott.[\/vc_column_text][vc_column_text][vc_row][vc_column width=&#8221;1\/1&#8243;][vc_column_text] R\u00f3lunk &#8211; Mumax \u00dcdv\u00f6z\u00f6lj\u00fck a Mumaxn\u00e1l, a nagy teljes\u00edtm\u00e9ny\u0171 internetes megold\u00e1sok megb\u00edzhat\u00f3 partner\u00e9n\u00e9l. \u00d3ta Megalakul\u00e1sunk \u00f3ta elk\u00f6telezt\u00fck magunkat amellett, hogy \u00fcgyfeleinknek els\u0151 oszt\u00e1ly\u00fa internetes szolg\u00e1ltat\u00e1sokat ny\u00fajtsunk. valamint olyan innovat\u00edv megold\u00e1sok k\u00edn\u00e1l\u00e1sa, amelyek teljes m\u00e9rt\u00e9kben kihaszn\u00e1lj\u00e1k digit\u00e1lis potenci\u00e1ljukat.[\/vc_column_text][vc_column_text][vc_row][vc_column width=&#8221;1\/1&#8243;][vc_column_text] [&hellip;]<\/p>\n","protected":false},"author":1,"featured_media":0,"parent":0,"menu_order":0,"comment_status":"closed","ping_status":"closed","template":"","meta":{"om_disable_all_campaigns":false,"_monsterinsights_skip_tracking":false,"_monsterinsights_sitenote_active":false,"_monsterinsights_sitenote_note":"","_monsterinsights_sitenote_category":0,"footnotes":"","_links_to":"","_links_to_target":""},"class_list":["post-267","page","type-page","status-publish","hentry"],"aioseo_notices":[],"_links":{"self":[{"href":"https:\/\/mumax.at\/index.php?rest_route=\/wp\/v2\/pages\/267","targetHints":{"allow":["GET"]}}],"collection":[{"href":"https:\/\/mumax.at\/index.php?rest_route=\/wp\/v2\/pages"}],"about":[{"href":"https:\/\/mumax.at\/index.php?rest_route=\/wp\/v2\/types\/page"}],"author":[{"embeddable":true,"href":"https:\/\/mumax.at\/index.php?rest_route=\/wp\/v2\/users\/1"}],"replies":[{"embeddable":true,"href":"https:\/\/mumax.at\/index.php?rest_route=%2Fwp%2Fv2%2Fcomments&post=267"}],"version-history":[{"count":10,"href":"https:\/\/mumax.at\/index.php?rest_route=\/wp\/v2\/pages\/267\/revisions"}],"predecessor-version":[{"id":2107,"href":"https:\/\/mumax.at\/index.php?rest_route=\/wp\/v2\/pages\/267\/revisions\/2107"}],"wp:attachment":[{"href":"https:\/\/mumax.at\/index.php?rest_route=%2Fwp%2Fv2%2Fmedia&parent=267"}],"curies":[{"name":"wp","href":"https:\/\/api.w.org\/{rel}","templated":true}]}}