{"id":332,"date":"2021-11-26T21:07:09","date_gmt":"2021-11-26T21:07:09","guid":{"rendered":"https:\/\/mumax.at\/?page_id=332"},"modified":"2023-09-27T12:27:36","modified_gmt":"2023-09-27T12:27:36","slug":"partner","status":"publish","type":"page","link":"https:\/\/mumax.at\/?page_id=332","title":{"rendered":"MUMAX Telekommunikation"},"content":{"rendered":"[vc_row full_width=&#8221;stretch_row_content&#8221;][vc_column width=&#8221;1\/12&#8243; offset=&#8221;vc_col-lg-offset-0 vc_col-lg-12 vc_col-xs-offset-2\/5 vc_col-xs-7 vc_hidden-xs&#8221;][vc_images_carousel images=&#8221;800,799,798,797&#8243; img_size=&#8221;1500X600&#8243; onclick=&#8221;link_no&#8221; speed=&#8221;3500&#8243; autoplay=&#8221;yes&#8221; wrap=&#8221;yes&#8221; css_animation=&#8221;fadeInUpBig&#8221;][\/vc_column][\/vc_row][vc_row full_width=&#8221;stretch_row_content&#8221; content_placement=&#8221;middle&#8221;][vc_column offset=&#8221;vc_col-lg-offset-0 vc_col-lg-12&#8243;][vc_tta_tour style=&#8221;modern&#8221; shape=&#8221;round&#8221; color=&#8221;blue&#8221; active_section=&#8221;1&#8243;][vc_tta_section i_icon_fontawesome=&#8221;fas fa-heart&#8221; add_icon=&#8221;true&#8221; title=&#8221;UNSER ANGEBOT&#8221; tab_id=&#8221;1695026681618-ebd4b47e-b6f6&#8243;][vc_hoverbox image=&#8221;965&#8243; primary_title=&#8221;Unser Angebot&#8221; primary_align=&#8221;left&#8221; primary_title_font_container=&#8221;color:%23f9f9f9&#8243; primary_title_google_fonts=&#8221;font_family:Alex%20Brush%3Aregular|font_style:400%20regular%3A400%3Anormal&#8221; hover_title=&#8221;Unser Angebot&#8221; hover_title_font_container=&#8221;color:%23f2f2f2&#8243; hover_title_google_fonts=&#8221;font_family:Alex%20Brush%3Aregular|font_style:400%20regular%3A400%3Anormal&#8221; hover_title_css_animation=&#8221;fadeInUpBig&#8221; hover_background_color=&#8221;blue&#8221; hover_btn_title=&#8221;WHATSAPP&#8221; hover_btn_style=&#8221;3d&#8221; hover_btn_shape=&#8221;round&#8221; hover_btn_color=&#8221;green&#8221; hover_btn_size=&#8221;sm&#8221; hover_btn_align=&#8221;center&#8221; hover_btn_i_icon_fontawesome=&#8221;fab fa-whatsapp&#8221; hover_btn_css_animation=&#8221;fadeInUp&#8221; css_animation=&#8221;fadeInRight&#8221; use_custom_fonts_primary_title=&#8221;true&#8221; use_custom_fonts_hover_title=&#8221;true&#8221; hover_add_button=&#8221;true&#8221; hover_btn_add_icon=&#8221;true&#8221; hover_btn_link=&#8221;url:http%3A%2F%2Fwa.me%2F%2B436602507080&#8243;]\n<h5>Hochwertige Vertriebsunterst\u00fctzung mit dem einzigartigen Schwerpunkt auf Telekommunikations- und Mobilfunkprodukten. Hohe Flexibilit\u00e4t w\u00e4hrend der Durchf\u00fchrung einzelner und hochgradig spezifischer\u00a0Leadkampagnen.<\/h5>\n[\/vc_hoverbox][\/vc_tta_section][vc_tta_section i_icon_fontawesome=&#8221;fas fa-bullseye&#8221; add_icon=&#8221;true&#8221; title=&#8221;DAS Z\u0130EL&#8221; tab_id=&#8221;1695026694235-e6a80348-e998&#8243;][vc_hoverbox image=&#8221;782&#8243; primary_title=&#8221;Das Ziel&#8221; primary_title_font_container=&#8221;color:%23000000&#8243; primary_title_google_fonts=&#8221;font_family:Alex%20Brush%3Aregular|font_style:400%20regular%3A400%3Anormal&#8221; primary_title_css_animation=&#8221;fadeInDownBig&#8221; hover_title=&#8221;Das Ziel&#8221; hover_title_font_container=&#8221;color:%23f2f2f2&#8243; hover_title_google_fonts=&#8221;font_family:Alex%20Brush%3Aregular|font_style:400%20regular%3A400%3Anormal&#8221; hover_title_css_animation=&#8221;fadeInUpBig&#8221; hover_background_color=&#8221;blue&#8221; hover_btn_title=&#8221;WHATSAPP&#8221; hover_btn_style=&#8221;3d&#8221; hover_btn_shape=&#8221;round&#8221; hover_btn_color=&#8221;green&#8221; hover_btn_size=&#8221;sm&#8221; hover_btn_align=&#8221;center&#8221; hover_btn_i_icon_fontawesome=&#8221;fab fa-whatsapp&#8221; hover_btn_css_animation=&#8221;fadeInUp&#8221; css_animation=&#8221;fadeInRight&#8221; use_custom_fonts_primary_title=&#8221;true&#8221; use_custom_fonts_hover_title=&#8221;true&#8221; hover_add_button=&#8221;true&#8221; hover_btn_add_icon=&#8221;true&#8221; hover_btn_link=&#8221;url:http%3A%2F%2Fwa.me%2F%2B436602507080&#8243;]\n<h5>Durch handfeste Ergebnisse und \u00fcberzeugende Leistungen Vertriebsprojekten bewiesen, dass professionelle Neukundenakquise durch hervorragend ausgebildetes und geschultes Fachpersonal m\u00f6glich ist und einen wichtigen Mehrwert f\u00fcr unsere Kunden\u00a0darstellt.<\/h5>\n[\/vc_hoverbox][\/vc_tta_section][vc_tta_section i_icon_fontawesome=&#8221;fas fa-road&#8221; add_icon=&#8221;true&#8221; title=&#8221;DER WEG&#8221; tab_id=&#8221;1695026696811-292dd6c6-c897&#8243;][vc_hoverbox image=&#8221;966&#8243; primary_title=&#8221;Der Weg&#8221; primary_align=&#8221;left&#8221; primary_title_font_container=&#8221;color:%23f9f9f9&#8243; primary_title_google_fonts=&#8221;font_family:Alex%20Brush%3Aregular|font_style:400%20regular%3A400%3Anormal&#8221; hover_title=&#8221;Der Weg&#8221; hover_title_font_container=&#8221;color:%23f2f2f2&#8243; hover_title_google_fonts=&#8221;font_family:Alex%20Brush%3Aregular|font_style:400%20regular%3A400%3Anormal&#8221; hover_title_css_animation=&#8221;fadeInUpBig&#8221; hover_background_color=&#8221;blue&#8221; hover_btn_title=&#8221;WHATSAPP&#8221; hover_btn_style=&#8221;3d&#8221; hover_btn_shape=&#8221;round&#8221; hover_btn_color=&#8221;green&#8221; hover_btn_size=&#8221;sm&#8221; hover_btn_align=&#8221;center&#8221; hover_btn_i_icon_fontawesome=&#8221;fab fa-whatsapp&#8221; hover_btn_css_animation=&#8221;fadeInUp&#8221; css_animation=&#8221;fadeInRight&#8221; use_custom_fonts_primary_title=&#8221;true&#8221; use_custom_fonts_hover_title=&#8221;true&#8221; hover_add_button=&#8221;true&#8221; hover_btn_add_icon=&#8221;true&#8221; hover_btn_link=&#8221;url:http%3A%2F%2Fwa.me%2F%2B436602507080&#8243;]\n<h5>Steinig und eher schwierig, da in vielen K\u00f6pfen noch immer die Meinung vorherrscht, Vertrieb sei gleich Vertrieb und daher f\u00fcr erkl\u00e4rungsbed\u00fcrftige Produkte und L\u00f6sungen in einer hochkomplexen technischen Umgebung eher\u00a0ungeeignet.<\/h5>\n[\/vc_hoverbox][\/vc_tta_section][vc_tta_section i_icon_fontawesome=&#8221;fas fa-brain&#8221; add_icon=&#8221;true&#8221; title=&#8221;STRATEG\u0130E&#8221; tab_id=&#8221;1695026681618-08dda919-4cf3&#8243;][vc_hoverbox image=&#8221;971&#8243; primary_title=&#8221;Strategie&#8221; primary_align=&#8221;left&#8221; primary_title_font_container=&#8221;color:%23ffffff&#8221; primary_title_google_fonts=&#8221;font_family:Alex%20Brush%3Aregular|font_style:400%20regular%3A400%3Anormal&#8221; hover_title=&#8221;Strategie&#8221; hover_title_font_container=&#8221;color:%23f2f2f2&#8243; hover_title_google_fonts=&#8221;font_family:Alex%20Brush%3Aregular|font_style:400%20regular%3A400%3Anormal&#8221; hover_title_css_animation=&#8221;fadeInUpBig&#8221; hover_background_color=&#8221;blue&#8221; hover_btn_title=&#8221;WHATSAPP&#8221; hover_btn_style=&#8221;3d&#8221; hover_btn_shape=&#8221;round&#8221; hover_btn_color=&#8221;green&#8221; hover_btn_size=&#8221;sm&#8221; hover_btn_align=&#8221;center&#8221; hover_btn_i_icon_fontawesome=&#8221;fab fa-whatsapp&#8221; hover_btn_css_animation=&#8221;fadeInUp&#8221; css_animation=&#8221;fadeInRight&#8221; use_custom_fonts_primary_title=&#8221;true&#8221; use_custom_fonts_hover_title=&#8221;true&#8221; hover_add_button=&#8221;true&#8221; hover_btn_add_icon=&#8221;true&#8221; hover_btn_link=&#8221;url:http%3A%2F%2Fwa.me%2F%2B436602507080&#8243;]\n<h5>Closed Loop ist unser praktizierter Vertriebsprozess, um aus Kaltkontakten echte Leads zu machen. Die aus den einzelnen Kontakten erhaltenen Informationen werden strukturiert qualifiziert und f\u00fcr die weiteren Gespr\u00e4che konsequent\u00a0genutzt.<\/h5>\n[\/vc_hoverbox][\/vc_tta_section][\/vc_tta_tour][\/vc_column][\/vc_row][vc_row full_width=&#8221;stretch_row_content&#8221;][vc_column css=&#8221;.vc_custom_1695126384764{background-position: center !important;background-repeat: no-repeat !important;background-size: contain !important;}&#8221;][vc_column_text css_animation=&#8221;fadeInUpBig&#8221;]\n<div class=\"md-text-container md_text_style-65071f053cfbd md-align-left wpb_wrapper wpb_md_text_wrapper ui-md_text\" data-animation-speed=\"600\" data-animation-delay=\"0.5\" data-animation-position=\"left\" data-animation-show=\"once\" data-animation-easing=\"Quart.easeInOut\">\n<div class=\"md-text gizmo-container\">\n<div class=\"md-text-title inline-editor-title \">\n<h4 style=\"line-height: 70px;\"><span style=\"color: #000000;\"><strong><span style=\"font-size: 40px;\">&#8220;Intelligenter Vertrieb&#8221; ist <\/span><\/strong><\/span><span style=\"color: #000000;\"><strong><span style=\"font-size: 40px;\">unser Business, weil wir&#8230;<\/span><\/strong><\/span><\/h4>\n<\/div>\n<div class=\"full_width_sep\">\n<div class=\"md-text-title-separator\"><\/div>\n<\/div>\n<\/div>\n<\/div>\n<div class=\"list-65071f053d3af md-align-left list-shortcode\" data-animation-speed=\"600\" data-animation-delay=\"0.5\" data-animation-position=\"left\" data-animation-show=\"once\" data-animation-easing=\"Quart.easeInOut\">\n<hr \/>\n<\/div>\n<div class=\"list-65071f053d3af md-align-left list-shortcode\" data-animation-speed=\"600\" data-animation-delay=\"0.5\" data-animation-position=\"left\" data-animation-show=\"once\" data-animation-easing=\"Quart.easeInOut\">\n<p><span style=\"color: #000000;\">auch komplexe Produkte verstehen und Mehrwerte systematisch erfassen<\/span><\/p>\n<ul>\n<li><span style=\"color: #000000;\">f\u00fcr eine effiziente Neukundengewinnung sorgen<\/span><\/li>\n<li><span style=\"color: #000000;\">uns in das Businessmodell unserer Partner und deren Markt hineindenken<\/span><\/li>\n<li><span style=\"color: #000000;\">Gespr\u00e4che auf Augenh\u00f6he f\u00fchren (Fachabteilung und C-Level)<\/span><\/li>\n<li><span style=\"color: #000000;\">Zielgruppen-Segmente selbstst\u00e4ndig definieren, analysieren und vorschlagen<\/span><\/li>\n<li><span style=\"color: #000000;\">f\u00fcr Informationsverdichtung &amp; Cross-Selling-Effekte sorgen<\/span><\/li>\n<li><span style=\"color: #000000;\">\u201eIhre\u201c Kundenansprache in unserem Tele Sales-Team individualisieren<\/span><\/li>\n<\/ul>\n<\/div>\n[\/vc_column_text][\/vc_column][\/vc_row][vc_row full_width=&#8221;stretch_row&#8221; equal_height=&#8221;yes&#8221;][vc_column css_animation=&#8221;fadeInRight&#8221; offset=&#8221;vc_col-lg-offset-0&#8243; css=&#8221;.vc_custom_1695126370731{background-position: 0 0 !important;background-repeat: no-repeat !important;}&#8221;][vc_progress_bar values=&#8221;%5B%7B%22label%22%3A%22Reporting%22%2C%22value%22%3A%2298%22%2C%22color%22%3A%22blue%22%7D%2C%7B%22label%22%3A%22Telesales%22%2C%22value%22%3A%2291%22%2C%22color%22%3A%22bar_red%22%7D%2C%7B%22label%22%3A%22Marketing%22%2C%22value%22%3A%2287%22%7D%2C%7B%22label%22%3A%22Direktvertrieb%22%2C%22value%22%3A%2297%22%2C%22color%22%3A%22bar_red%22%7D%2C%7B%22label%22%3A%22Door2door%20Kaltaquise%22%2C%22value%22%3A%2297%22%7D%5D&#8221; bgcolor=&#8221;bar_blue&#8221; css_animation=&#8221;appear&#8221;][\/vc_column][\/vc_row]\n","protected":false},"excerpt":{"rendered":"<p>[vc_row full_width=&#8221;stretch_row_content&#8221;][vc_column width=&#8221;1\/12&#8243; offset=&#8221;vc_col-lg-offset-0 vc_col-lg-12 vc_col-xs-offset-2\/5 vc_col-xs-7 vc_hidden-xs&#8221;][vc_images_carousel images=&#8221;800,799,798,797&#8243; img_size=&#8221;1500X600&#8243; onclick=&#8221;link_no&#8221; speed=&#8221;3500&#8243; autoplay=&#8221;yes&#8221; wrap=&#8221;yes&#8221; css_animation=&#8221;fadeInUpBig&#8221;][\/vc_column][\/vc_row][vc_row full_width=&#8221;stretch_row_content&#8221; content_placement=&#8221;middle&#8221;][vc_column offset=&#8221;vc_col-lg-offset-0 vc_col-lg-12&#8243;][vc_tta_tour style=&#8221;modern&#8221; shape=&#8221;round&#8221; color=&#8221;blue&#8221; active_section=&#8221;1&#8243;][vc_tta_section i_icon_fontawesome=&#8221;fas fa-heart&#8221; add_icon=&#8221;true&#8221; title=&#8221;UNSER ANGEBOT&#8221; tab_id=&#8221;1695026681618-ebd4b47e-b6f6&#8243;][vc_hoverbox image=&#8221;965&#8243; primary_title=&#8221;Unser Angebot&#8221; primary_align=&#8221;left&#8221; primary_title_font_container=&#8221;color:%23f9f9f9&#8243; primary_title_google_fonts=&#8221;font_family:Alex%20Brush%3Aregular|font_style:400%20regular%3A400%3Anormal&#8221; hover_title=&#8221;Unser Angebot&#8221; hover_title_font_container=&#8221;color:%23f2f2f2&#8243; hover_title_google_fonts=&#8221;font_family:Alex%20Brush%3Aregular|font_style:400%20regular%3A400%3Anormal&#8221; hover_title_css_animation=&#8221;fadeInUpBig&#8221; hover_background_color=&#8221;blue&#8221; hover_btn_title=&#8221;WHATSAPP&#8221; hover_btn_style=&#8221;3d&#8221; hover_btn_shape=&#8221;round&#8221; hover_btn_color=&#8221;green&#8221; hover_btn_size=&#8221;sm&#8221; hover_btn_align=&#8221;center&#8221; hover_btn_i_icon_fontawesome=&#8221;fab fa-whatsapp&#8221; hover_btn_css_animation=&#8221;fadeInUp&#8221; css_animation=&#8221;fadeInRight&#8221; use_custom_fonts_primary_title=&#8221;true&#8221; use_custom_fonts_hover_title=&#8221;true&#8221; hover_add_button=&#8221;true&#8221; hover_btn_add_icon=&#8221;true&#8221; [&hellip;]<\/p>\n","protected":false},"author":1,"featured_media":0,"parent":0,"menu_order":0,"comment_status":"closed","ping_status":"closed","template":"","meta":{"om_disable_all_campaigns":false,"_monsterinsights_skip_tracking":false,"_monsterinsights_sitenote_active":false,"_monsterinsights_sitenote_note":"","_monsterinsights_sitenote_category":0,"footnotes":"","_links_to":"","_links_to_target":""},"class_list":["post-332","page","type-page","status-publish","hentry"],"aioseo_notices":[],"_links":{"self":[{"href":"https:\/\/mumax.at\/index.php?rest_route=\/wp\/v2\/pages\/332","targetHints":{"allow":["GET"]}}],"collection":[{"href":"https:\/\/mumax.at\/index.php?rest_route=\/wp\/v2\/pages"}],"about":[{"href":"https:\/\/mumax.at\/index.php?rest_route=\/wp\/v2\/types\/page"}],"author":[{"embeddable":true,"href":"https:\/\/mumax.at\/index.php?rest_route=\/wp\/v2\/users\/1"}],"replies":[{"embeddable":true,"href":"https:\/\/mumax.at\/index.php?rest_route=%2Fwp%2Fv2%2Fcomments&post=332"}],"version-history":[{"count":32,"href":"https:\/\/mumax.at\/index.php?rest_route=\/wp\/v2\/pages\/332\/revisions"}],"predecessor-version":[{"id":997,"href":"https:\/\/mumax.at\/index.php?rest_route=\/wp\/v2\/pages\/332\/revisions\/997"}],"wp:attachment":[{"href":"https:\/\/mumax.at\/index.php?rest_route=%2Fwp%2Fv2%2Fmedia&parent=332"}],"curies":[{"name":"wp","href":"https:\/\/api.w.org\/{rel}","templated":true}]}}